{"id":6307,"date":"2021-10-15T08:56:11","date_gmt":"2021-10-15T11:56:11","guid":{"rendered":"https:\/\/www.mutuus.net\/blog\/?page_id=6307"},"modified":"2023-12-08T14:11:47","modified_gmt":"2023-12-08T17:11:47","slug":"obrigado-por-baixar-nossos-materiais","status":"publish","type":"page","link":"https:\/\/www.mutuus.net\/blog\/obrigado-por-baixar-nossos-materiais\/","title":{"rendered":"Obrigado por baixar nossos materiais"},"content":{"rendered":"\t\t<div data-elementor-type=\"wp-page\" data-elementor-id=\"6307\" class=\"elementor elementor-6307\" data-elementor-post-type=\"page\">\n\t\t\t\t\t\t<section class=\"elementor-section elementor-top-section elementor-element elementor-element-240b556 elementor-section-boxed elementor-section-height-default elementor-section-height-default\" data-id=\"240b556\" data-element_type=\"section\" data-e-type=\"section\" data-settings=\"{&quot;background_background&quot;:&quot;classic&quot;}\">\n\t\t\t\t\t\t<div class=\"elementor-container elementor-column-gap-default\">\n\t\t\t\t\t<div class=\"elementor-column elementor-col-100 elementor-top-column elementor-element elementor-element-8d2fde2\" data-id=\"8d2fde2\" data-element_type=\"column\" data-e-type=\"column\">\n\t\t\t<div class=\"elementor-widget-wrap elementor-element-populated\">\n\t\t\t\t\t\t<div class=\"elementor-element elementor-element-2b92f69 elementor-widget elementor-widget-heading\" data-id=\"2b92f69\" data-element_type=\"widget\" data-e-type=\"widget\" data-widget_type=\"heading.default\">\n\t\t\t\t<div class=\"elementor-widget-container\">\n\t\t\t\t\t<h2 class=\"elementor-heading-title elementor-size-default\">Tudo certo!<\/h2>\t\t\t\t<\/div>\n\t\t\t\t<\/div>\n\t\t\t\t<div class=\"elementor-element elementor-element-1974fe0 elementor-widget elementor-widget-text-editor\" data-id=\"1974fe0\" data-element_type=\"widget\" data-e-type=\"widget\" data-widget_type=\"text-editor.default\">\n\t\t\t\t<div class=\"elementor-widget-container\">\n\t\t\t\t\t\t\t\t\t<p>J\u00e1 estamos enviando o material solicitado para o seu e-mail.<\/p>\t\t\t\t\t\t\t\t<\/div>\n\t\t\t\t<\/div>\n\t\t\t\t\t<\/div>\n\t\t<\/div>\n\t\t\t\t\t<\/div>\n\t\t<\/section>\n\t\t\t\t<section class=\"elementor-section elementor-top-section elementor-element elementor-element-39671ea elementor-section-boxed elementor-section-height-default elementor-section-height-default\" data-id=\"39671ea\" data-element_type=\"section\" data-e-type=\"section\" data-settings=\"{&quot;background_background&quot;:&quot;classic&quot;}\">\n\t\t\t\t\t\t<div class=\"elementor-container elementor-column-gap-default\">\n\t\t\t\t\t<div class=\"elementor-column elementor-col-100 elementor-top-column elementor-element elementor-element-d3bc92b\" data-id=\"d3bc92b\" data-element_type=\"column\" data-e-type=\"column\" data-settings=\"{&quot;background_background&quot;:&quot;classic&quot;}\">\n\t\t\t<div class=\"elementor-widget-wrap elementor-element-populated\">\n\t\t\t\t\t\t<section class=\"elementor-section elementor-inner-section elementor-element elementor-element-2f76b98 elementor-reverse-mobile elementor-section-boxed elementor-section-height-default elementor-section-height-default\" data-id=\"2f76b98\" data-element_type=\"section\" data-e-type=\"section\">\n\t\t\t\t\t\t<div class=\"elementor-container elementor-column-gap-default\">\n\t\t\t\t\t<div class=\"elementor-column elementor-col-50 elementor-inner-column elementor-element elementor-element-4a4713b\" data-id=\"4a4713b\" data-element_type=\"column\" data-e-type=\"column\">\n\t\t\t<div class=\"elementor-widget-wrap elementor-element-populated\">\n\t\t\t\t\t\t<div class=\"elementor-element elementor-element-cd13084 elementor-widget__width-auto elementor-widget elementor-widget-heading\" data-id=\"cd13084\" data-element_type=\"widget\" data-e-type=\"widget\" data-widget_type=\"heading.default\">\n\t\t\t\t<div class=\"elementor-widget-container\">\n\t\t\t\t\t<h2 class=\"elementor-heading-title elementor-size-default\">Aproveite para baixar mais materiais gratuitamente!<\/h2>\t\t\t\t<\/div>\n\t\t\t\t<\/div>\n\t\t\t\t<div class=\"elementor-element elementor-element-2ecfd66 elementor-widget__width-auto elementor-widget elementor-widget-text-editor\" data-id=\"2ecfd66\" data-element_type=\"widget\" data-e-type=\"widget\" data-widget_type=\"text-editor.default\">\n\t\t\t\t<div class=\"elementor-widget-container\">\n\t\t\t\t\t\t\t\t\t<p>Na sess\u00e3o de Materiais Gratuitos, n\u00f3s disponibilizamos diferentes materiais como e-books, planilhas, modelos prontos para uso, entre outros. Tudo para para facilitar o seu acesso \u00e0 informa\u00e7\u00e3o. Clique no bot\u00e3o abaixo para acessar nossa p\u00e1gina de materiais.<\/p>\t\t\t\t\t\t\t\t<\/div>\n\t\t\t\t<\/div>\n\t\t\t\t<div class=\"elementor-element elementor-element-4821555 elementor-widget__width-auto elementor-widget elementor-widget-button\" data-id=\"4821555\" data-element_type=\"widget\" data-e-type=\"widget\" data-widget_type=\"button.default\">\n\t\t\t\t<div class=\"elementor-widget-container\">\n\t\t\t\t\t\t\t\t\t<div class=\"elementor-button-wrapper\">\n\t\t\t\t\t<a class=\"elementor-button elementor-button-link elementor-size-sm\" href=\"https:\/\/www.mutuus.net\/blog\/materiais-gratuitos\/\">\n\t\t\t\t\t\t<span class=\"elementor-button-content-wrapper\">\n\t\t\t\t\t\t\t\t\t<span class=\"elementor-button-text\">Acessar agora<\/span>\n\t\t\t\t\t<\/span>\n\t\t\t\t\t<\/a>\n\t\t\t\t<\/div>\n\t\t\t\t\t\t\t\t<\/div>\n\t\t\t\t<\/div>\n\t\t\t\t\t<\/div>\n\t\t<\/div>\n\t\t\t\t<div class=\"elementor-column elementor-col-50 elementor-inner-column elementor-element elementor-element-19886d1\" data-id=\"19886d1\" data-element_type=\"column\" data-e-type=\"column\">\n\t\t\t<div class=\"elementor-widget-wrap elementor-element-populated\">\n\t\t\t\t\t\t<div class=\"elementor-element elementor-element-40555af elementor-widget elementor-widget-image\" data-id=\"40555af\" data-element_type=\"widget\" data-e-type=\"widget\" data-widget_type=\"image.default\">\n\t\t\t\t<div class=\"elementor-widget-container\">\n\t\t\t\t\t\t\t\t\t\t\t\t\t\t\t<img decoding=\"async\" width=\"161\" height=\"161\" src=\"https:\/\/www.mutuus.net\/blog\/wp-content\/uploads\/download-icon-1.png\" class=\"attachment-large size-large wp-image-6318\" alt=\"\" srcset=\"https:\/\/www.mutuus.net\/blog\/wp-content\/uploads\/download-icon-1.png 161w, https:\/\/www.mutuus.net\/blog\/wp-content\/uploads\/download-icon-1-150x150.png 150w, https:\/\/www.mutuus.net\/blog\/wp-content\/uploads\/download-icon-1-96x96.png 96w\" sizes=\"(max-width: 161px) 100vw, 161px\" \/>\t\t\t\t\t\t\t\t\t\t\t\t\t\t\t<\/div>\n\t\t\t\t<\/div>\n\t\t\t\t\t<\/div>\n\t\t<\/div>\n\t\t\t\t\t<\/div>\n\t\t<\/section>\n\t\t\t\t\t<\/div>\n\t\t<\/div>\n\t\t\t\t\t<\/div>\n\t\t<\/section>\n\t\t\t\t<section class=\"elementor-section elementor-top-section elementor-element elementor-element-abc0eea elementor-section-boxed elementor-section-height-default elementor-section-height-default\" data-id=\"abc0eea\" data-element_type=\"section\" data-e-type=\"section\" data-settings=\"{&quot;background_background&quot;:&quot;classic&quot;}\">\n\t\t\t\t\t\t<div class=\"elementor-container elementor-column-gap-default\">\n\t\t\t\t\t<div class=\"elementor-column elementor-col-100 elementor-top-column elementor-element elementor-element-dbc9ff5\" data-id=\"dbc9ff5\" data-element_type=\"column\" data-e-type=\"column\">\n\t\t\t<div class=\"elementor-widget-wrap elementor-element-populated\">\n\t\t\t\t\t\t<div class=\"elementor-element elementor-element-27df05c elementor-widget elementor-widget-text-editor\" data-id=\"27df05c\" data-element_type=\"widget\" data-e-type=\"widget\" data-widget_type=\"text-editor.default\">\n\t\t\t\t<div class=\"elementor-widget-container\">\n\t\t\t\t\t\t\t\t\t<p><b>Mantenha-se informado, acompanhe a Mutuus em suas redes sociais:<\/b><\/p>\t\t\t\t\t\t\t\t<\/div>\n\t\t\t\t<\/div>\n\t\t\t\t<div class=\"elementor-element elementor-element-e64c326 elementor-shape-rounded elementor-grid-0 e-grid-align-center elementor-widget elementor-widget-social-icons\" data-id=\"e64c326\" data-element_type=\"widget\" data-e-type=\"widget\" data-widget_type=\"social-icons.default\">\n\t\t\t\t<div class=\"elementor-widget-container\">\n\t\t\t\t\t\t\t<div class=\"elementor-social-icons-wrapper elementor-grid\" role=\"list\">\n\t\t\t\t\t\t\t<span class=\"elementor-grid-item\" role=\"listitem\">\n\t\t\t\t\t<a class=\"elementor-icon elementor-social-icon elementor-social-icon-linkedin elementor-repeater-item-a6d7be1\" href=\"https:\/\/br.linkedin.com\/company\/mutuus\" target=\"_blank\">\n\t\t\t\t\t\t<span class=\"elementor-screen-only\">Linkedin<\/span>\n\t\t\t\t\t\t<i aria-hidden=\"true\" class=\"fab fa-linkedin\"><\/i>\t\t\t\t\t<\/a>\n\t\t\t\t<\/span>\n\t\t\t\t\t\t\t<span class=\"elementor-grid-item\" role=\"listitem\">\n\t\t\t\t\t<a class=\"elementor-icon elementor-social-icon elementor-social-icon-facebook elementor-repeater-item-32e13dc\" href=\"https:\/\/web.facebook.com\/mutuus.seguros?_rdc=1&#038;_rdr\" target=\"_blank\">\n\t\t\t\t\t\t<span class=\"elementor-screen-only\">Facebook<\/span>\n\t\t\t\t\t\t<i aria-hidden=\"true\" class=\"fab fa-facebook\"><\/i>\t\t\t\t\t<\/a>\n\t\t\t\t<\/span>\n\t\t\t\t\t\t\t<span class=\"elementor-grid-item\" role=\"listitem\">\n\t\t\t\t\t<a class=\"elementor-icon elementor-social-icon elementor-social-icon-youtube elementor-repeater-item-3e552f5\" href=\"https:\/\/www.youtube.com\/channel\/UCTL8g5ffbRH9nGvWMEgezvw\" target=\"_blank\">\n\t\t\t\t\t\t<span class=\"elementor-screen-only\">Youtube<\/span>\n\t\t\t\t\t\t<i aria-hidden=\"true\" class=\"fab fa-youtube\"><\/i>\t\t\t\t\t<\/a>\n\t\t\t\t<\/span>\n\t\t\t\t\t\t\t<span class=\"elementor-grid-item\" role=\"listitem\">\n\t\t\t\t\t<a class=\"elementor-icon elementor-social-icon elementor-social-icon-instagram elementor-repeater-item-0611438\" href=\"https:\/\/www.instagram.com\/mutuus.seguros\/\" target=\"_blank\">\n\t\t\t\t\t\t<span class=\"elementor-screen-only\">Instagram<\/span>\n\t\t\t\t\t\t<i aria-hidden=\"true\" class=\"fab fa-instagram\"><\/i>\t\t\t\t\t<\/a>\n\t\t\t\t<\/span>\n\t\t\t\t\t<\/div>\n\t\t\t\t\t\t<\/div>\n\t\t\t\t<\/div>\n\t\t\t\t\t<\/div>\n\t\t<\/div>\n\t\t\t\t\t<\/div>\n\t\t<\/section>\n\t\t\t\t<\/div>\n\t\t","protected":false},"excerpt":{"rendered":"<p>Tudo certo! J\u00e1 estamos enviando o material solicitado para o seu e-mail. Aproveite para baixar mais materiais gratuitamente! Na sess\u00e3o de Materiais Gratuitos, n\u00f3s disponibilizamos diferentes materiais como e-books, planilhas, modelos prontos para uso, entre outros. Tudo para para facilitar o seu acesso \u00e0 informa\u00e7\u00e3o. Clique no bot\u00e3o abaixo para acessar nossa p\u00e1gina de materiais. [&hellip;]<\/p>\n","protected":false},"author":15,"featured_media":0,"parent":0,"menu_order":0,"comment_status":"closed","ping_status":"closed","template":"elementor_theme","meta":{"footnotes":""},"class_list":["post-6307","page","type-page","status-publish","hentry"],"yoast_head":"<!-- This site is optimized with the Yoast SEO Premium plugin v27.2 (Yoast SEO v27.6) - https:\/\/yoast.com\/product\/yoast-seo-premium-wordpress\/ -->\n<title>Obrigado por baixar nossos materiais<\/title>\n<meta name=\"description\" content=\"Tudo certo! J\u00e1 estamos enviando o material solicitado para o seu e-mail. Aproveite para baixar mais materiais gratuitamente! Na sess\u00e3o de Materiais\" \/>\n<meta name=\"robots\" content=\"index, follow, max-snippet:-1, max-image-preview:large, max-video-preview:-1, noarchive\" \/>\n<link rel=\"canonical\" href=\"https:\/\/www.mutuus.net\/blog\/obrigado-por-baixar-nossos-materiais\/\" \/>\n<meta property=\"og:locale\" content=\"pt_BR\" \/>\n<meta property=\"og:type\" content=\"article\" \/>\n<meta property=\"og:title\" content=\"Obrigado por baixar nossos materiais\" \/>\n<meta property=\"og:description\" content=\"Tudo certo! J\u00e1 estamos enviando o material solicitado para o seu e-mail. Aproveite para baixar mais materiais gratuitamente! Na sess\u00e3o de Materiais\" \/>\n<meta property=\"og:url\" content=\"https:\/\/www.mutuus.net\/blog\/obrigado-por-baixar-nossos-materiais\/\" \/>\n<meta property=\"og:site_name\" content=\"Mutuus Seguros\" \/>\n<meta property=\"article:publisher\" content=\"http:\/\/facebook.com\/mutuus.seguros\" \/>\n<meta property=\"article:modified_time\" content=\"2023-12-08T17:11:47+00:00\" \/>\n<meta property=\"og:image\" content=\"https:\/\/www.mutuus.net\/blog\/wp-content\/uploads\/download-icon-1.png\" \/>\n<meta name=\"twitter:card\" content=\"summary_large_image\" \/>\n<meta name=\"twitter:label1\" content=\"Est. tempo de leitura\" \/>\n\t<meta name=\"twitter:data1\" content=\"1 minuto\" \/>\n<!-- \/ Yoast SEO Premium plugin. -->","yoast_head_json":{"title":"Obrigado por baixar nossos materiais","description":"Tudo certo! J\u00e1 estamos enviando o material solicitado para o seu e-mail. Aproveite para baixar mais materiais gratuitamente! Na sess\u00e3o de Materiais","robots":{"index":"index","follow":"follow","max-snippet":"max-snippet:-1","max-image-preview":"max-image-preview:large","max-video-preview":"max-video-preview:-1","archive":"noarchive"},"canonical":"https:\/\/www.mutuus.net\/blog\/obrigado-por-baixar-nossos-materiais\/","og_locale":"pt_BR","og_type":"article","og_title":"Obrigado por baixar nossos materiais","og_description":"Tudo certo! J\u00e1 estamos enviando o material solicitado para o seu e-mail. Aproveite para baixar mais materiais gratuitamente! Na sess\u00e3o de Materiais","og_url":"https:\/\/www.mutuus.net\/blog\/obrigado-por-baixar-nossos-materiais\/","og_site_name":"Mutuus Seguros","article_publisher":"http:\/\/facebook.com\/mutuus.seguros","article_modified_time":"2023-12-08T17:11:47+00:00","og_image":[{"url":"https:\/\/www.mutuus.net\/blog\/wp-content\/uploads\/download-icon-1.png","type":"","width":"","height":""}],"twitter_card":"summary_large_image","twitter_misc":{"Est. tempo de leitura":"1 minuto"},"schema":{"@context":"https:\/\/schema.org","@graph":[{"@type":"WebPage","@id":"https:\/\/www.mutuus.net\/blog\/obrigado-por-baixar-nossos-materiais\/","url":"https:\/\/www.mutuus.net\/blog\/obrigado-por-baixar-nossos-materiais\/","name":"Obrigado por baixar nossos materiais","isPartOf":{"@id":"https:\/\/www.mutuus.net\/blog\/#website"},"primaryImageOfPage":{"@id":"https:\/\/www.mutuus.net\/blog\/obrigado-por-baixar-nossos-materiais\/#primaryimage"},"image":{"@id":"https:\/\/www.mutuus.net\/blog\/obrigado-por-baixar-nossos-materiais\/#primaryimage"},"thumbnailUrl":"https:\/\/www.mutuus.net\/blog\/wp-content\/uploads\/download-icon-1.png","datePublished":"2021-10-15T11:56:11+00:00","dateModified":"2023-12-08T17:11:47+00:00","description":"Tudo certo! J\u00e1 estamos enviando o material solicitado para o seu e-mail. Aproveite para baixar mais materiais gratuitamente! Na sess\u00e3o de Materiais","breadcrumb":{"@id":"https:\/\/www.mutuus.net\/blog\/obrigado-por-baixar-nossos-materiais\/#breadcrumb"},"inLanguage":"pt-BR","potentialAction":[{"@type":"ReadAction","target":["https:\/\/www.mutuus.net\/blog\/obrigado-por-baixar-nossos-materiais\/"]}]},{"@type":"ImageObject","inLanguage":"pt-BR","@id":"https:\/\/www.mutuus.net\/blog\/obrigado-por-baixar-nossos-materiais\/#primaryimage","url":"https:\/\/www.mutuus.net\/blog\/wp-content\/uploads\/download-icon-1.png","contentUrl":"https:\/\/www.mutuus.net\/blog\/wp-content\/uploads\/download-icon-1.png","width":161,"height":161},{"@type":"BreadcrumbList","@id":"https:\/\/www.mutuus.net\/blog\/obrigado-por-baixar-nossos-materiais\/#breadcrumb","itemListElement":[{"@type":"ListItem","position":1,"name":"Home","item":"https:\/\/www.mutuus.net\/blog\/"},{"@type":"ListItem","position":2,"name":"Obrigado por baixar nossos materiais"}]},{"@type":"WebSite","@id":"https:\/\/www.mutuus.net\/blog\/#website","url":"https:\/\/www.mutuus.net\/blog\/","name":"Mutuus Seguros","description":"Cote, compare, compre e gerencie todos os seguros de sua empresa","publisher":{"@id":"https:\/\/www.mutuus.net\/blog\/#organization"},"potentialAction":[{"@type":"SearchAction","target":{"@type":"EntryPoint","urlTemplate":"https:\/\/www.mutuus.net\/blog\/?s={search_term_string}"},"query-input":{"@type":"PropertyValueSpecification","valueRequired":true,"valueName":"search_term_string"}}],"inLanguage":"pt-BR"},{"@type":"Organization","@id":"https:\/\/www.mutuus.net\/blog\/#organization","name":"Mutuus Seguros","alternateName":"Mutuus","url":"https:\/\/www.mutuus.net\/blog\/","logo":{"@type":"ImageObject","inLanguage":"pt-BR","@id":"https:\/\/www.mutuus.net\/blog\/#\/schema\/logo\/image\/","url":"https:\/\/www.mutuus.net\/blog\/wp-content\/uploads\/logo-mutuus-seguros_1200x728.png","contentUrl":"https:\/\/www.mutuus.net\/blog\/wp-content\/uploads\/logo-mutuus-seguros_1200x728.png","width":1200,"height":729,"caption":"Mutuus Seguros"},"image":{"@id":"https:\/\/www.mutuus.net\/blog\/#\/schema\/logo\/image\/"},"sameAs":["http:\/\/facebook.com\/mutuus.seguros","https:\/\/www.instagram.com\/mutuus.seguros","https:\/\/www.linkedin.com\/company\/mutuus\/"],"email":"seguros@mutuus.net","telephone":"3003-8387","foundingDate":"2018-01-01","vatID":"08246344000197"}]}},"_links":{"self":[{"href":"https:\/\/www.mutuus.net\/blog\/wp-json\/wp\/v2\/pages\/6307","targetHints":{"allow":["GET"]}}],"collection":[{"href":"https:\/\/www.mutuus.net\/blog\/wp-json\/wp\/v2\/pages"}],"about":[{"href":"https:\/\/www.mutuus.net\/blog\/wp-json\/wp\/v2\/types\/page"}],"author":[{"embeddable":true,"href":"https:\/\/www.mutuus.net\/blog\/wp-json\/wp\/v2\/users\/15"}],"replies":[{"embeddable":true,"href":"https:\/\/www.mutuus.net\/blog\/wp-json\/wp\/v2\/comments?post=6307"}],"version-history":[{"count":3,"href":"https:\/\/www.mutuus.net\/blog\/wp-json\/wp\/v2\/pages\/6307\/revisions"}],"predecessor-version":[{"id":8838,"href":"https:\/\/www.mutuus.net\/blog\/wp-json\/wp\/v2\/pages\/6307\/revisions\/8838"}],"wp:attachment":[{"href":"https:\/\/www.mutuus.net\/blog\/wp-json\/wp\/v2\/media?parent=6307"}],"curies":[{"name":"wp","href":"https:\/\/api.w.org\/{rel}","templated":true}]}}